{"id":1289,"date":"2022-09-15T06:46:19","date_gmt":"2022-09-15T06:46:19","guid":{"rendered":"https:\/\/kazandiranmuzakere.wordpress.com\/?page_id=1289"},"modified":"2022-09-15T06:46:19","modified_gmt":"2022-09-15T06:46:19","slug":"etkin-kurumsal-is-yazismalari","status":"publish","type":"page","link":"https:\/\/www.kazandiranmuzakere.com\/index.php\/etkin-kurumsal-is-yazismalari\/","title":{"rendered":"Etkin Kurumsal \u0130\u015f Yaz\u0131\u015fmalar\u0131"},"content":{"rendered":"\n<p>\u2022 \u0130\u015f yaz\u0131\u015fmalar\u0131n\u0131n amac\u0131 \/ do\u011fru-yanl\u0131\u015f \u00f6rnekler<\/p>\n\n\n\n<p>\u2022 \u0130\u015f yaz\u0131\u015fmalar\u0131 hangi b\u00f6l\u00fcmlerden olu\u015fur?<\/p>\n\n\n\n<p>\u2022 Hitap tarzlar\u0131 \/ \u00f6rnekler<\/p>\n\n\n\n<p>\u2022 Aktif-pasif kullan\u0131m yerleri \/ do\u011fru-yanl\u0131\u015f \u00f6rnekler<\/p>\n\n\n\n<p>\u2022 A\u00e7\u0131k ve anla\u015f\u0131l\u0131r dil kullanmak \/ do\u011fru-yanl\u0131\u015f \u00f6rnekler<\/p>\n\n\n\n<p>\u2022 \u2018Siz\u2019 yakla\u015f\u0131m\u0131 \/ do\u011fru-yanl\u0131\u015f \u00f6rnekler<\/p>\n\n\n\n<p>\u2022 Nazik-kaba dil \/ do\u011fru-yanl\u0131\u015f \u00f6rnekler<\/p>\n\n\n\n<p>\u2022 Olumlu vurgu \/ do\u011fru-yanl\u0131\u015f \u00f6rnekler<\/p>\n\n\n\n<p>\u2022 Gizli olumsuz vurgudan ka\u00e7\u0131\u015f \/ do\u011fru-yanl\u0131\u015f \u00f6rnekler<\/p>\n\n\n\n<p>\u2022 Ge\u00e7i\u015f ifadelerinin kullan\u0131l\u0131\u015f\u0131<\/p>\n\n\n\n<p>\u2022 Genellikle birbirine kar\u0131\u015ft\u0131r\u0131lan kelime ve ifadeler<\/p>\n\n\n\n<p>\u2022 C\u00fcmlelerin kolay anla\u015f\u0131lmas\u0131 i\u00e7in di\u011fer kurallar<\/p>\n\n\n\n<p>\u2022 Paragraf olu\u015fturma teknikleri \/ Mesaj t\u00fcrlerine g\u00f6re<\/p>\n\n\n\n<ul>\n<li>A\u00e7\u0131klama ve \u00f6rnekleme y\u00f6ntemi<\/li>\n\n\n\n<li>Kar\u015f\u0131la\u015ft\u0131rmalar kullanma y\u00f6ntemi<\/li>\n\n\n\n<li>Sebep ve sonu\u00e7 ili\u015fkisini vurgulama y\u00f6ntemi<\/li>\n\n\n\n<li>S\u0131n\u0131fland\u0131rma yapma y\u00f6ntemi<\/li>\n\n\n\n<li>Problem ve \u00e7\u00f6z\u00fcm analizi y\u00f6ntemi<\/li>\n<\/ul>\n\n\n\n<p>\u2022 Giri\u015f paragraflar\u0131 \/ Mesaj t\u00fcrlerine g\u00f6re nas\u0131l olmal\u0131<\/p>\n\n\n\n<p>\u2022 Kapan\u0131\u015f paragraflar\u0131 \/ Mesaj t\u00fcrlerine g\u00f6re nas\u0131l olmal\u0131<\/p>\n\n\n\n<p>\u2022 K\u00f6t\u00fc haber vermek \/ T\u00fcrlerine g\u00f6re mesaj yap\u0131lar\u0131 ve \u00f6rnekler<\/p>\n\n\n\n<p>\u2022 \u015eikayetleri kar\u015f\u0131lamak<\/p>\n\n\n\n<ul>\n<li>Hakl\u0131 \u015fikayetlere ait durumlarda<\/li>\n\n\n\n<li>Haks\u0131z \u015fikayetlere ait durumlarda<\/li>\n\n\n\n<li>Her iki taraf\u0131n da hatas\u0131 olmayan durumlarda<\/li>\n<\/ul>\n\n\n\n<p><strong>\u2022\u00a0Sat\u0131\u015f <\/strong>a\u015famalar\u0131na ait yaz\u0131\u015fma d\u00fczenleri (Do\u011fru-yanl\u0131\u015f \u00f6rnek incelemeleri ve kat\u0131l\u0131mc\u0131lar\u0131n al\u0131\u015ft\u0131rma \u00e7al\u0131\u015fmalar\u0131)<\/p>\n\n\n\n<ul>\n<li>Firma \/ \u00fcr\u00fcn tan\u0131t\u0131m\u0131<\/li>\n\n\n\n<li>Talep olu\u015fturma yaz\u0131\u015fmalar\u0131<\/li>\n\n\n\n<li>Teklif verme \/ Teklif alma yaz\u0131\u015fmalar\u0131<\/li>\n\n\n\n<li>Sat\u0131\u015f m\u00fczakereleri \/ Pazarl\u0131k yaz\u0131\u015fmalar\u0131<\/li>\n\n\n\n<li>\u0130ndirim isteklerine olumlu \/ olumsuz yan\u0131tlar<\/li>\n\n\n\n<li>Sat\u0131\u015f anla\u015fmalar\u0131n\u0131n kaleme al\u0131nmas\u0131<\/li>\n<\/ul>\n\n\n\n<p><strong>\u2022\u00a0<u>Ticari operasyonlar\u0131n<\/u>\u00a0<\/strong>a\u015famalar\u0131na ait yaz\u0131\u015fma d\u00fczenleri (Do\u011fru- yanl\u0131\u015f \u00f6rnek incelemeleri ve kat\u0131l\u0131mc\u0131lar\u0131n al\u0131\u015ft\u0131rma \u00e7al\u0131\u015fmalar\u0131)<\/p>\n\n\n\n<ul>\n<li>\u00dcretim \/ y\u00fckleme \/ sevkiyat a\u015famalar\u0131na ait yaz\u0131\u015fmalar<\/li>\n\n\n\n<li>Gecikme \/ yanl\u0131\u015fl\u0131k \/ sorun \/ \u015fikayet d\u00fczeltme yaz\u0131\u015fmalar\u0131<\/li>\n\n\n\n<li>\u00d6deme, tahsilat konular\u0131 \u00fczerine yaz\u0131\u015fmalar<\/li>\n<\/ul>\n\n\n\n<p><strong>Do\u011frudan yakla\u015f\u0131m<\/strong> ile yaz\u0131lmas\u0131 gereken haller, <\/p>\n\n\n\n<p><strong>Dolayl\u0131 yakla\u015f\u0131m<\/strong> ile yaz\u0131lmas\u0131 gereken haller<\/p>\n\n\n\n<p>(\u00d6rnek incelemeleri ve kat\u0131l\u0131mc\u0131lar\u0131n al\u0131\u015ft\u0131rma \u00e7al\u0131\u015fmalar\u0131)<\/p>\n","protected":false},"excerpt":{"rendered":"<p>\u2022 \u0130\u015f yaz\u0131\u015fmalar\u0131n\u0131n amac\u0131 \/ do\u011fru-yanl\u0131\u015f \u00f6rnekler \u2022 \u0130\u015f yaz\u0131\u015fmalar\u0131 hangi b\u00f6l\u00fcmlerden olu\u015fur? \u2022 Hitap tarzlar\u0131 \/ \u00f6rnekler \u2022 Aktif-pasif kullan\u0131m yerleri \/ do\u011fru-yanl\u0131\u015f \u00f6rnekler \u2022 A\u00e7\u0131k ve anla\u015f\u0131l\u0131r dil kullanmak \/&#8230;<\/p>\n","protected":false},"author":1,"featured_media":0,"parent":0,"menu_order":0,"comment_status":"closed","ping_status":"closed","template":"","meta":[],"_links":{"self":[{"href":"https:\/\/www.kazandiranmuzakere.com\/index.php\/wp-json\/wp\/v2\/pages\/1289"}],"collection":[{"href":"https:\/\/www.kazandiranmuzakere.com\/index.php\/wp-json\/wp\/v2\/pages"}],"about":[{"href":"https:\/\/www.kazandiranmuzakere.com\/index.php\/wp-json\/wp\/v2\/types\/page"}],"author":[{"embeddable":true,"href":"https:\/\/www.kazandiranmuzakere.com\/index.php\/wp-json\/wp\/v2\/users\/1"}],"replies":[{"embeddable":true,"href":"https:\/\/www.kazandiranmuzakere.com\/index.php\/wp-json\/wp\/v2\/comments?post=1289"}],"version-history":[{"count":0,"href":"https:\/\/www.kazandiranmuzakere.com\/index.php\/wp-json\/wp\/v2\/pages\/1289\/revisions"}],"wp:attachment":[{"href":"https:\/\/www.kazandiranmuzakere.com\/index.php\/wp-json\/wp\/v2\/media?parent=1289"}],"curies":[{"name":"wp","href":"https:\/\/api.w.org\/{rel}","templated":true}]}}