{"id":1459,"date":"2022-10-30T08:42:09","date_gmt":"2022-10-30T08:42:09","guid":{"rendered":"https:\/\/kazandiranmuzakere.wordpress.com\/?page_id=1459"},"modified":"2022-11-04T17:30:15","modified_gmt":"2022-11-04T17:30:15","slug":"plajda-tanistiginiz-insanlarla-ne-konusursunuz","status":"publish","type":"page","link":"https:\/\/www.kazandiranmuzakere.com\/index.php\/plajda-tanistiginiz-insanlarla-ne-konusursunuz\/","title":{"rendered":"Plajda tan\u0131\u015ft\u0131\u011f\u0131n\u0131z insanlarla ne konu\u015fursunuz?"},"content":{"rendered":"\n<p><br><mark style=\"background-color:rgba(0, 0, 0, 0);\" class=\"has-inline-color has-black-color\">Eyl\u00fcl ay\u0131n\u0131n bir b\u00f6l\u00fcm\u00fcnde yaz tatili yapt\u0131m. <\/mark><\/p>\n\n\n\n<p><mark style=\"background-color:rgba(0, 0, 0, 0);\" class=\"has-inline-color has-black-color\">\u00dc\u00e7 farkl\u0131 plajda, birbirleriyle hi\u00e7 ilgisi olmayan -ama \u015fa\u015f\u0131rt\u0131c\u0131 bir ortak yan\u0131 olan- be\u015f ayr\u0131 ki\u015fiyle &#8220;tan\u0131\u015ft\u0131m&#8221;.<br>Sohbetlerimiz boyunca ben bu ki\u015filerin adlar\u0131n\u0131, nerede ya\u015fad\u0131klar\u0131n\u0131, tatilde nerede kald\u0131klar\u0131n\u0131, hangi okullar\u0131 bitirdiklerini, \u015fimdiki ve \u00f6nceki i\u015flerini, ka\u00e7 y\u0131ld\u0131r evli olduklar\u0131n\u0131, ka\u00e7 \u00e7ocuklar\u0131 oldu\u011funu, \u00e7ocuklar\u0131n\u0131n durumlar\u0131n\u0131, hatta birinin sabahlar\u0131 hangi saatte kalk\u0131p hangi t\u00fcr kahveyi i\u00e7ti\u011fini ve ka\u00e7 dakika y\u00fcr\u00fcy\u00fc\u015f yapt\u0131\u011f\u0131n\u0131 bile \u00f6\u011frendim.<br>Peki &#8220;tan\u0131\u015ft\u0131m&#8221; ifadem niye t\u0131rnak i\u00e7inde?<br>\u00c7\u00fcnk\u00fc bu ki\u015filerin hi\u00e7 biri benim ad\u0131m\u0131 bilmiyor. Dahas\u0131, benim hakk\u0131mda \u015fu yukar\u0131daki detaylar\u0131n bir tekinden bile haberleri yok. Yani b\u00fcy\u00fck bir i\u015ftahla kendilerini tan\u0131tmaya \u00f6ylesine dald\u0131lar ki, b\u0131rak\u0131n\u0131z detay sormay\u0131, ad\u0131m\u0131 bile sormay\u0131 ak\u0131llar\u0131na getirmediler. Ben ise bu bilgilere ula\u015fmakta hi\u00e7 ama hi\u00e7 zorlanmad\u0131m.<\/mark><\/p>\n\n\n\n<p><mark style=\"background-color:rgba(0, 0, 0, 0);\" class=\"has-inline-color has-black-color\">\u0130nsanlar\u0131n ortak bir \u00f6zelli\u011finden bahsediyorum;<br>Kendimizi anlatmay\u0131 seviyoruz ama konu\u015ftu\u011fumuz ki\u015fiye soru sormay\u0131, dinlemeyi pek sevmiyoruz. Bu durum plajda da b\u00f6yle, dostlar aras\u0131nda da, m\u00fczakere masas\u0131nda da.<\/mark><\/p>\n\n\n\n<p><mark style=\"background-color:rgba(0, 0, 0, 0);\" class=\"has-inline-color has-black-color\">M\u00fczakere e\u011fitimlerimde &#8220;aktif dinlemenin ve m\u00fczakere esnas\u0131nda bilgi edinmenin \u00f6nemine&#8221; vurgu yap\u0131yorum.<br>\u0130lk bak\u0131\u015fta s\u0131k\u0131c\u0131, teorik ve uygulamas\u0131 zor tavsiyeler gibi g\u00f6r\u00fcn\u00fcyor de\u011fil mi? Hi\u00e7 zor de\u011fil ve denerseniz ne kadar kolay oldu\u011funu g\u00f6receksiniz.<\/mark> <mark style=\"background-color:rgba(0, 0, 0, 0);\" class=\"has-inline-color has-black-color\">Bunun i\u00e7in yapman\u0131z gereken iki \u015fey var:<br>&#8211; G\u00f6r\u00fc\u015ft\u00fc\u011f\u00fcn\u00fcz ki\u015finin rahat hissetmesini, bask\u0131 alt\u0131nda olmad\u0131\u011f\u0131n\u0131 hissetmesini sa\u011flamak<br>ve<br>&#8211; O ki\u015fiye &#8216;do\u011fru sorular\u0131&#8217; sorduktan sonra susup (evet susup) dinlemek. (Yani o dayan\u0131lmaz anlatma ihtiyac\u0131n\u0131z\u0131 frenlemek.)<\/mark><\/p>\n\n\n\n<p><mark style=\"background-color:rgba(0, 0, 0, 0);\" class=\"has-inline-color has-black-color\">M\u00fczakerelerde az konu\u015fup \u00e7ok dinlersek, sonradan pi\u015fman olabilece\u011fimiz \u015feyleri s\u00f6yleme ihtimali azal\u0131r. M\u00fczakerelerde ba\u015far\u0131 i\u00e7in dinlerken yeni bir bilgi edinmeye \u00e7al\u0131\u015fmak, bol bol soru sormak, cevaplar\u0131 bilsek bile sormak \u00e7ok \u00f6nemli. Bir \u015feyi anlamad\u0131ysak bunu hemen s\u00f6ylemek, ak\u0131ls\u0131z g\u00f6r\u00fcn\u00fcr\u00fcm diye endi\u015fe etmemek \u00f6nemli. Anlatacak o, merak etmeyin. O dayan\u0131lmaz &#8220;kendini anlatma ihtiyac\u0131&#8221;n\u0131 l\u00fctfen unutmay\u0131n yeter.<\/mark><\/p>\n\n\n\n<p><mark style=\"background-color:rgba(0, 0, 0, 0);\" class=\"has-inline-color has-black-color\">Peki siz daha \u00e7ok hangisisiniz? Bol bol anlatan m\u0131, yoksa anlatt\u0131ran m\u0131?<\/mark><\/p>\n","protected":false},"excerpt":{"rendered":"<p>Eyl\u00fcl ay\u0131n\u0131n bir b\u00f6l\u00fcm\u00fcnde yaz tatili yapt\u0131m. \u00dc\u00e7 farkl\u0131 plajda, birbirleriyle hi\u00e7 ilgisi olmayan -ama \u015fa\u015f\u0131rt\u0131c\u0131 bir ortak yan\u0131 olan- be\u015f ayr\u0131 ki\u015fiyle &#8220;tan\u0131\u015ft\u0131m&#8221;.Sohbetlerimiz boyunca ben bu ki\u015filerin adlar\u0131n\u0131, nerede ya\u015fad\u0131klar\u0131n\u0131, tatilde&#8230;<\/p>\n","protected":false},"author":1,"featured_media":0,"parent":0,"menu_order":0,"comment_status":"closed","ping_status":"closed","template":"","meta":[],"_links":{"self":[{"href":"https:\/\/www.kazandiranmuzakere.com\/index.php\/wp-json\/wp\/v2\/pages\/1459"}],"collection":[{"href":"https:\/\/www.kazandiranmuzakere.com\/index.php\/wp-json\/wp\/v2\/pages"}],"about":[{"href":"https:\/\/www.kazandiranmuzakere.com\/index.php\/wp-json\/wp\/v2\/types\/page"}],"author":[{"embeddable":true,"href":"https:\/\/www.kazandiranmuzakere.com\/index.php\/wp-json\/wp\/v2\/users\/1"}],"replies":[{"embeddable":true,"href":"https:\/\/www.kazandiranmuzakere.com\/index.php\/wp-json\/wp\/v2\/comments?post=1459"}],"version-history":[{"count":5,"href":"https:\/\/www.kazandiranmuzakere.com\/index.php\/wp-json\/wp\/v2\/pages\/1459\/revisions"}],"predecessor-version":[{"id":1623,"href":"https:\/\/www.kazandiranmuzakere.com\/index.php\/wp-json\/wp\/v2\/pages\/1459\/revisions\/1623"}],"wp:attachment":[{"href":"https:\/\/www.kazandiranmuzakere.com\/index.php\/wp-json\/wp\/v2\/media?parent=1459"}],"curies":[{"name":"wp","href":"https:\/\/api.w.org\/{rel}","templated":true}]}}