{"id":1475,"date":"2022-10-30T09:00:41","date_gmt":"2022-10-30T09:00:41","guid":{"rendered":"https:\/\/kazandiranmuzakere.wordpress.com\/?page_id=1475"},"modified":"2022-10-30T09:00:41","modified_gmt":"2022-10-30T09:00:41","slug":"cerceveleme-etkisi","status":"publish","type":"page","link":"https:\/\/www.kazandiranmuzakere.com\/index.php\/cerceveleme-etkisi\/","title":{"rendered":"\u00c7er\u00e7eveleme Etkisi"},"content":{"rendered":"\n<p><mark style=\"background-color:rgba(0, 0, 0, 0);\" class=\"has-inline-color has-black-color\">\u201cA \u015f\u0131kk\u0131 bizim i\u00e7in k\u00f6t\u00fc. B ondan daha k\u00f6t\u00fc, yani berbat. Ben en iyisi A\u2019y\u0131 se\u00e7eyim, \u00e7\u00fcnk\u00fc k\u00f6t\u00fc, berbattan iyidir&#8221;. \u00c7er\u00e7eveleme&#8217;nin, yani sorular\u0131n ve durumlar\u0131n ele al\u0131n\u0131\u015f, ifade edili\u015f tarzlar\u0131n\u0131n m\u00fczakerelerdeki \u00f6neminden bahsetmi\u015ftim.<br>\u201cYa al ya da b\u0131rak, A m\u0131 yoksa B mi?\u201d<\/mark><br><mark style=\"background-color:rgba(0, 0, 0, 0);\" class=\"has-inline-color has-black-color\">\u015eunu bilmeliyiz ki m\u00fczakerelerde ve hayatta her zaman bize birileri taraf\u0131ndan dayat\u0131lan birer A ile B aras\u0131nda s\u0131k\u0131\u015fmam\u0131z gerekmiyor. Her zaman bir C, hatta bir Z se\u00e7ene\u011fi bile olabilir. \u201cKar\u015f\u0131mda A ve B se\u00e7enekleri var, ama ikisi de i\u00e7ime sinmiyor. O halde ne yapmal\u0131y\u0131m? En iyisi ben yeni bir se\u00e7enek, yeni bir \u00f6neri olu\u015fturay\u0131m\u201d diyebilmeliyiz.<\/mark><\/p>\n\n\n\n<p><mark style=\"background-color:rgba(0, 0, 0, 0);\" class=\"has-inline-color has-black-color\">Peki ama neden iki se\u00e7enek aras\u0131nda kald\u0131\u011f\u0131m\u0131z\u0131 zannederiz? Belki de sorulara h\u0131zl\u0131ca cevap vermeye \u00e7al\u0131\u015fma al\u0131\u015fkanl\u0131\u011f\u0131m\u0131zdan.<br>Okullarda, yar\u0131\u015fmalarda bize h\u0131zl\u0131ca cevaplamak telkin edilmiyor mu? \u201cDo\u011fru cevab\u0131 vermeye \u00e7al\u0131\u015f ama hemen cevapla!\u201d<\/mark><\/p>\n\n\n\n<p><mark style=\"background-color:rgba(0, 0, 0, 0);\" class=\"has-inline-color has-black-color\">M\u00fczakerelerde bunun tam tersi ge\u00e7erlidir. M\u00fczakerelerde yava\u015f h\u0131zl\u0131dan, az konu\u015fmak \u00e7ok konu\u015fmaktan, hatta zor anlamak (!) hemen anlay\u0131p cevaplamaktan iyidir. &#8220;Zor anlamak&#8221; konusu hem \u00f6nemli, hem de e\u011flenceli. Devam edece\u011fim.<\/mark><\/p>\n","protected":false},"excerpt":{"rendered":"<p>\u201cA \u015f\u0131kk\u0131 bizim i\u00e7in k\u00f6t\u00fc. B ondan daha k\u00f6t\u00fc, yani berbat. Ben en iyisi A\u2019y\u0131 se\u00e7eyim, \u00e7\u00fcnk\u00fc k\u00f6t\u00fc, berbattan iyidir&#8221;. \u00c7er\u00e7eveleme&#8217;nin, yani sorular\u0131n ve durumlar\u0131n ele al\u0131n\u0131\u015f, ifade edili\u015f tarzlar\u0131n\u0131n m\u00fczakerelerdeki \u00f6neminden&#8230;<\/p>\n","protected":false},"author":1,"featured_media":0,"parent":0,"menu_order":0,"comment_status":"closed","ping_status":"closed","template":"","meta":[],"_links":{"self":[{"href":"https:\/\/www.kazandiranmuzakere.com\/index.php\/wp-json\/wp\/v2\/pages\/1475"}],"collection":[{"href":"https:\/\/www.kazandiranmuzakere.com\/index.php\/wp-json\/wp\/v2\/pages"}],"about":[{"href":"https:\/\/www.kazandiranmuzakere.com\/index.php\/wp-json\/wp\/v2\/types\/page"}],"author":[{"embeddable":true,"href":"https:\/\/www.kazandiranmuzakere.com\/index.php\/wp-json\/wp\/v2\/users\/1"}],"replies":[{"embeddable":true,"href":"https:\/\/www.kazandiranmuzakere.com\/index.php\/wp-json\/wp\/v2\/comments?post=1475"}],"version-history":[{"count":0,"href":"https:\/\/www.kazandiranmuzakere.com\/index.php\/wp-json\/wp\/v2\/pages\/1475\/revisions"}],"wp:attachment":[{"href":"https:\/\/www.kazandiranmuzakere.com\/index.php\/wp-json\/wp\/v2\/media?parent=1475"}],"curies":[{"name":"wp","href":"https:\/\/api.w.org\/{rel}","templated":true}]}}