{"id":1486,"date":"2022-10-30T09:12:19","date_gmt":"2022-10-30T09:12:19","guid":{"rendered":"https:\/\/kazandiranmuzakere.wordpress.com\/?page_id=1486"},"modified":"2022-10-30T09:12:19","modified_gmt":"2022-10-30T09:12:19","slug":"muzakerecilerin-silahlari-karsinizda-duramayacaklar","status":"publish","type":"page","link":"https:\/\/www.kazandiranmuzakere.com\/index.php\/muzakerecilerin-silahlari-karsinizda-duramayacaklar\/","title":{"rendered":"&#8220;M\u00fczakerecilerin silahlar\u0131&#8221; &#8230; &#8220;Kar\u015f\u0131n\u0131zda duramayacaklar&#8221;"},"content":{"rendered":"\n<p><mark style=\"background-color:rgba(0, 0, 0, 0);\" class=\"has-inline-color has-black-color\">Konuyu hi\u00e7 anlamam\u0131\u015f, ancak &#8220;e\u011fitimci&#8221; \u00fcnvan\u0131 tak\u0131nm\u0131\u015f pek \u00e7ok kimse var ve b\u00f6yle diyorlar. &#8220;Sava\u015f\u0131 kazanan taraf&#8221; olmaktan s\u00f6z ederek &#8220;m\u00fczakere e\u011fitimi&#8221; verme iddias\u0131yla ortaya \u00e7\u0131km\u0131\u015flar.<br>M\u00fczakereyi &#8220;sava\u015f&#8221;, di\u011fer taraf\u0131 da &#8220;rakip&#8221; olarak g\u00f6r\u00fcnce, tabii ba\u015fl\u0131yorlar &#8220;silah&#8221;lardan, &#8220;zafer&#8221;den bahsetmeye.<\/mark><\/p>\n\n\n\n<p><mark style=\"background-color:rgba(0, 0, 0, 0);\" class=\"has-inline-color has-black-color\">\u0130\u015fin k\u00f6t\u00fcs\u00fc, konuyu hi\u00e7 bilmediklerinden habersiz olduklar\u0131 i\u00e7in insanlara anlatt\u0131klar\u0131 bir tak\u0131m yanl\u0131\u015f ve tutars\u0131z \u015feylerle kendi kafa kar\u0131\u015f\u0131kl\u0131klar\u0131n\u0131 bir de \u00e7evreye yaym\u0131\u015f oluyorlar.<\/mark><\/p>\n\n\n\n<p><mark style=\"background-color:rgba(0, 0, 0, 0);\" class=\"has-inline-color has-black-color\">M\u00fczakere sava\u015f de\u011fildir. Di\u011fer taraf\u0131 &#8220;yenmeyi&#8221; de\u011fil, kar\u015f\u0131l\u0131kl\u0131 kazan\u00e7 sa\u011flamay\u0131 hedefledi\u011fimiz bir s\u00fcre\u00e7tir. &#8220;Silah, sava\u015f, rakip, y\u0131k\u0131m, yenilgi, zafer&#8221; gibi ifadelerin m\u00fczakere ile ilgileri yoktur. Bunlara kitab\u0131m\u0131n ve e\u011fitimlerimin ba\u015flar\u0131nda de\u011finiyorum. Bu ki\u015filerden uzak durulmas\u0131 gerekti\u011fini d\u00fc\u015f\u00fcn\u00fcyorum.<\/mark><\/p>\n","protected":false},"excerpt":{"rendered":"<p>Konuyu hi\u00e7 anlamam\u0131\u015f, ancak &#8220;e\u011fitimci&#8221; \u00fcnvan\u0131 tak\u0131nm\u0131\u015f pek \u00e7ok kimse var ve b\u00f6yle diyorlar. &#8220;Sava\u015f\u0131 kazanan taraf&#8221; olmaktan s\u00f6z ederek &#8220;m\u00fczakere e\u011fitimi&#8221; verme iddias\u0131yla ortaya \u00e7\u0131km\u0131\u015flar.M\u00fczakereyi &#8220;sava\u015f&#8221;, di\u011fer taraf\u0131 da &#8220;rakip&#8221; olarak&#8230;<\/p>\n","protected":false},"author":1,"featured_media":0,"parent":0,"menu_order":0,"comment_status":"closed","ping_status":"closed","template":"","meta":[],"_links":{"self":[{"href":"https:\/\/www.kazandiranmuzakere.com\/index.php\/wp-json\/wp\/v2\/pages\/1486"}],"collection":[{"href":"https:\/\/www.kazandiranmuzakere.com\/index.php\/wp-json\/wp\/v2\/pages"}],"about":[{"href":"https:\/\/www.kazandiranmuzakere.com\/index.php\/wp-json\/wp\/v2\/types\/page"}],"author":[{"embeddable":true,"href":"https:\/\/www.kazandiranmuzakere.com\/index.php\/wp-json\/wp\/v2\/users\/1"}],"replies":[{"embeddable":true,"href":"https:\/\/www.kazandiranmuzakere.com\/index.php\/wp-json\/wp\/v2\/comments?post=1486"}],"version-history":[{"count":0,"href":"https:\/\/www.kazandiranmuzakere.com\/index.php\/wp-json\/wp\/v2\/pages\/1486\/revisions"}],"wp:attachment":[{"href":"https:\/\/www.kazandiranmuzakere.com\/index.php\/wp-json\/wp\/v2\/media?parent=1486"}],"curies":[{"name":"wp","href":"https:\/\/api.w.org\/{rel}","templated":true}]}}