{"id":1490,"date":"2022-10-30T09:15:44","date_gmt":"2022-10-30T09:15:44","guid":{"rendered":"https:\/\/kazandiranmuzakere.wordpress.com\/?page_id=1490"},"modified":"2022-10-30T09:15:44","modified_gmt":"2022-10-30T09:15:44","slug":"muzakere-futbol-ve-satranc-gibidir-kazanan-taraf-siz-olun","status":"publish","type":"page","link":"https:\/\/www.kazandiranmuzakere.com\/index.php\/muzakere-futbol-ve-satranc-gibidir-kazanan-taraf-siz-olun\/","title":{"rendered":"&#8220;M\u00fczakere futbol ve satran\u00e7 gibidir. Kazanan taraf siz olun.&#8221;"},"content":{"rendered":"\n<p><br><mark style=\"background-color:rgba(0, 0, 0, 0);\" class=\"has-inline-color has-black-color\">Konuyu hi\u00e7 anlamam\u0131\u015f, ancak &#8220;e\u011fitimci&#8221; \u00fcnvan\u0131 tak\u0131nm\u0131\u015f pek \u00e7ok kimse var ve b\u00f6yle diyorlar. &#8220;Gol atmak&#8221;tan, &#8220;y\u0131k\u0131c\u0131 olmak&#8221;tan s\u00f6z ederek &#8220;m\u00fczakere e\u011fitimi&#8221; verme iddias\u0131yla ortaya \u00e7\u0131km\u0131\u015flar.<br>&#8220;Kazan-kazan prensibi&#8221; diye bir \u015feyi de bir yerlerden duymu\u015flar; yapt\u0131klar\u0131 o talihsiz benzetmelerden hemen sonra bunu anlatmaya kalk\u0131\u015farak iyice komik duruma d\u00fc\u015f\u00fcyorlar.<br>Kitab\u0131m\u0131n ve e\u011fitimlerimin ba\u015flar\u0131nda de\u011findi\u011fim gibi, bu ki\u015filerden uzak durulmas\u0131 gerekti\u011fini d\u00fc\u015f\u00fcn\u00fcyorum. &#8220;\u0130\u015f M\u00fczakerelerinde Do\u011fru San\u0131lan Yanl\u0131\u015flar&#8221; webinarlar\u0131mda konuyu detayland\u0131r\u0131yorum.<\/mark><\/p>\n","protected":false},"excerpt":{"rendered":"<p>Konuyu hi\u00e7 anlamam\u0131\u015f, ancak &#8220;e\u011fitimci&#8221; \u00fcnvan\u0131 tak\u0131nm\u0131\u015f pek \u00e7ok kimse var ve b\u00f6yle diyorlar. &#8220;Gol atmak&#8221;tan, &#8220;y\u0131k\u0131c\u0131 olmak&#8221;tan s\u00f6z ederek &#8220;m\u00fczakere e\u011fitimi&#8221; verme iddias\u0131yla ortaya \u00e7\u0131km\u0131\u015flar.&#8220;Kazan-kazan prensibi&#8221; diye bir \u015feyi de bir&#8230;<\/p>\n","protected":false},"author":1,"featured_media":0,"parent":0,"menu_order":0,"comment_status":"closed","ping_status":"closed","template":"","meta":[],"_links":{"self":[{"href":"https:\/\/www.kazandiranmuzakere.com\/index.php\/wp-json\/wp\/v2\/pages\/1490"}],"collection":[{"href":"https:\/\/www.kazandiranmuzakere.com\/index.php\/wp-json\/wp\/v2\/pages"}],"about":[{"href":"https:\/\/www.kazandiranmuzakere.com\/index.php\/wp-json\/wp\/v2\/types\/page"}],"author":[{"embeddable":true,"href":"https:\/\/www.kazandiranmuzakere.com\/index.php\/wp-json\/wp\/v2\/users\/1"}],"replies":[{"embeddable":true,"href":"https:\/\/www.kazandiranmuzakere.com\/index.php\/wp-json\/wp\/v2\/comments?post=1490"}],"version-history":[{"count":0,"href":"https:\/\/www.kazandiranmuzakere.com\/index.php\/wp-json\/wp\/v2\/pages\/1490\/revisions"}],"wp:attachment":[{"href":"https:\/\/www.kazandiranmuzakere.com\/index.php\/wp-json\/wp\/v2\/media?parent=1490"}],"curies":[{"name":"wp","href":"https:\/\/api.w.org\/{rel}","templated":true}]}}