{"id":1505,"date":"2022-10-30T09:36:21","date_gmt":"2022-10-30T09:36:21","guid":{"rendered":"https:\/\/kazandiranmuzakere.wordpress.com\/?page_id=1505"},"modified":"2023-01-02T17:05:21","modified_gmt":"2023-01-02T17:05:21","slug":"2021in-ardindan","status":"publish","type":"page","link":"https:\/\/www.kazandiranmuzakere.com\/index.php\/2021in-ardindan\/","title":{"rendered":"2021&#8217;in ard\u0131ndan"},"content":{"rendered":"\n<p><mark style=\"background-color:rgba(0, 0, 0, 0);\" class=\"has-inline-color has-black-color\">Tam 365 g\u00fcn \u00f6nceki Linked-in payla\u015f\u0131m\u0131mda; \u201cAcaba ne kadar\u0131n\u0131 yapabilmi\u015fim diye geri d\u00f6n\u00fcl\u00fcp pek sorgulanmayan -ama her zaman pop\u00fcler- \u2018New Year&#8217;s Resolutions\u2019 kadar \u2018Last Year&#8217;s Achievements\u2019 meselesine de bakmakta san\u0131yorum fayda var\u201d demi\u015ftim. Sonras\u0131nda da geri d\u00f6n\u00fcp 2020\u2019ye \u015f\u00f6yle bir bakm\u0131\u015ft\u0131m. 2021\u2019in de her \u015feye ra\u011fmen benim i\u00e7in fena ge\u00e7medi\u011fini s\u00f6yleyebilirim diye d\u00fc\u015f\u00fcn\u00fcyorum. <\/mark><\/p>\n\n\n\n<p>&#8211; <mark style=\"background-color:rgba(0, 0, 0, 0);\" class=\"has-inline-color has-black-color\">Daha \u00f6nce e\u011fitim verdi\u011fim kurumlar\u0131n \u2018baz\u0131lar\u0131\u2019 ile yeniden \u00e7al\u0131\u015fmaya ba\u015flad\u0131m. (Di\u011ferleri ile de en k\u0131sa zamanda tekrar bulu\u015fmay\u0131 heyecanla bekliyorum.) <\/mark><\/p>\n\n\n\n<p>&#8211; <mark style=\"background-color:rgba(0, 0, 0, 0);\" class=\"has-inline-color has-black-color\">Ge\u00e7ti\u011fimiz y\u0131l tam on bir kurumun kat\u0131l\u0131mc\u0131lar\u0131na \u2018ilk kez\u2019 e\u011fitim vermeye ba\u015flam\u0131\u015f\u0131m. (Memnuniyet anketlerinde g\u00fczel sonu\u00e7lar ald\u0131\u011f\u0131m o kurumlar ile de en k\u0131sa zamanda tekrar birlikte olmay\u0131 bekliyorum.) <\/mark><\/p>\n\n\n\n<p>&#8211; <mark style=\"background-color:rgba(0, 0, 0, 0);\" class=\"has-inline-color has-black-color\">G\u00fcz d\u00f6neminde okulda hibrid e\u011fitime ge\u00e7tik. B\u00f6ylece kameral\u0131 mikrofonlu s\u0131n\u0131flarda derse gelenlerle birlikte online \u00f6\u011frencilere e\u015fzamanl\u0131 e\u011fitim verme deneyimi edinmeye ba\u015flad\u0131m. (Bahar d\u00f6nemindeki \u00f6\u011frenci say\u0131s\u0131 200\u2019e yakla\u015f\u0131nca bu i\u015f nas\u0131l olacak, ben de merak ediyorum.) <\/mark><\/p>\n\n\n\n<p>&#8211; <mark style=\"background-color:rgba(0, 0, 0, 0);\" class=\"has-inline-color has-black-color\">\u0130kinci kitab\u0131m y\u0131l\u0131n son g\u00fcnlerinde bask\u0131dan \u00e7\u0131kt\u0131. (Ocak ay\u0131n\u0131n ilk haftas\u0131nda duyurular\u0131n\u0131n ba\u015flayaca\u011f\u0131n\u0131 san\u0131yorum.)<\/mark><\/p>\n\n\n\n<p><mark style=\"background-color:rgba(0, 0, 0, 0);\" class=\"has-inline-color has-black-color\">Sa\u011fl\u0131kl\u0131, mutlu ve ba\u015far\u0131l\u0131 bir y\u0131l dileklerimle. 02.01.2022<\/mark><\/p>\n","protected":false},"excerpt":{"rendered":"<p>Tam 365 g\u00fcn \u00f6nceki Linked-in payla\u015f\u0131m\u0131mda; \u201cAcaba ne kadar\u0131n\u0131 yapabilmi\u015fim diye geri d\u00f6n\u00fcl\u00fcp pek sorgulanmayan -ama her zaman pop\u00fcler- \u2018New Year&#8217;s Resolutions\u2019 kadar \u2018Last Year&#8217;s Achievements\u2019 meselesine de bakmakta san\u0131yorum fayda var\u201d&#8230;<\/p>\n","protected":false},"author":1,"featured_media":0,"parent":0,"menu_order":0,"comment_status":"closed","ping_status":"closed","template":"","meta":[],"_links":{"self":[{"href":"https:\/\/www.kazandiranmuzakere.com\/index.php\/wp-json\/wp\/v2\/pages\/1505"}],"collection":[{"href":"https:\/\/www.kazandiranmuzakere.com\/index.php\/wp-json\/wp\/v2\/pages"}],"about":[{"href":"https:\/\/www.kazandiranmuzakere.com\/index.php\/wp-json\/wp\/v2\/types\/page"}],"author":[{"embeddable":true,"href":"https:\/\/www.kazandiranmuzakere.com\/index.php\/wp-json\/wp\/v2\/users\/1"}],"replies":[{"embeddable":true,"href":"https:\/\/www.kazandiranmuzakere.com\/index.php\/wp-json\/wp\/v2\/comments?post=1505"}],"version-history":[{"count":1,"href":"https:\/\/www.kazandiranmuzakere.com\/index.php\/wp-json\/wp\/v2\/pages\/1505\/revisions"}],"predecessor-version":[{"id":1658,"href":"https:\/\/www.kazandiranmuzakere.com\/index.php\/wp-json\/wp\/v2\/pages\/1505\/revisions\/1658"}],"wp:attachment":[{"href":"https:\/\/www.kazandiranmuzakere.com\/index.php\/wp-json\/wp\/v2\/media?parent=1505"}],"curies":[{"name":"wp","href":"https:\/\/api.w.org\/{rel}","templated":true}]}}