{"id":1660,"date":"2023-01-29T15:26:05","date_gmt":"2023-01-29T15:26:05","guid":{"rendered":"http:\/\/www.kazandiranmuzakere.com\/?page_id=1660"},"modified":"2023-01-29T16:33:23","modified_gmt":"2023-01-29T16:33:23","slug":"ihracatcilar-icin-guncel-ulke-bilgileri","status":"publish","type":"page","link":"https:\/\/www.kazandiranmuzakere.com\/index.php\/ihracatcilar-icin-guncel-ulke-bilgileri\/","title":{"rendered":"\u0130HRACAT\u00c7ILAR \u0130\u00c7\u0130N G\u00dcNCEL \u00dcLKE B\u0130LG\u0130LER\u0130"},"content":{"rendered":"\n<p><strong>K\u0131sa bir SWOT analizinden sonra\u00a0o \u00fclkenin;<\/strong><\/p>\n\n\n\n<p>\u2026 d\u00fcnyadan ve T\u00fcrkiye\u2019den ithalat kalemleri (en g\u00fcncel veriler ile)<\/p>\n\n\n\n<p>\u2026 T\u00fcrkiye\u2019den \u201cpotansiyel\u201d ithalat&nbsp;kalemleri ve miktarlar\u0131&nbsp;(D\u00fcnya&#8217;dan ald\u0131\u011f\u0131 ve bizde \u00fcretimi oldu\u011fu halde&nbsp;almad\u0131\u011f\u0131 \u00fcr\u00fcn gruplar\u0131)<\/p>\n\n\n\n<p>\u2026 potansiyelini ihracata d\u00f6n\u00fc\u015ft\u00fcrmek i\u00e7in ihracat\u00e7\u0131 \u015firketlerin yapabilecekleri<\/p>\n\n\n\n<p>\u2026 aktif ithalat\u00e7\u0131lar\u0131na ula\u015fmak i\u00e7in o \u00fclkeye \u00f6zg\u00fc kanallar<\/p>\n\n\n\n<p><strong>Bu \u00fclkelere;<\/strong><\/p>\n\n\n\n<p>\u2026 \u00f6zg\u00fc pazar ara\u015ft\u0131rmalar\u0131n\u0131n do\u011fru ad\u0131mlar\u0131<\/p>\n\n\n\n<p>\u2026 yap\u0131lan ihracat\u0131 artt\u0131rabilmek i\u00e7in \u00f6nemli bilgiler ve at\u0131lmas\u0131 gereken ad\u0131mlar<\/p>\n\n\n\n<p><strong>Bu \u00fclkelerde;<\/strong><\/p>\n\n\n\n<p>\u2026 teklif talebinin ard\u0131ndan yap\u0131lacaklar<\/p>\n\n\n\n<p>\u2026 k\u00fclt\u00fcrel yap\u0131ya ba\u011fl\u0131 \u015fu farkl\u0131l\u0131klar\u0131n bilinmesi ve y\u00f6netimi: &#8211; organizasyon, hiyerar\u015fik yap\u0131, b\u00fcrokrasi  &#8211; yetki, sorumluluk, zaman kullan\u0131m\u0131  &#8211; belirsizlik, karar verme, risk alma tutumu,<\/p>\n\n\n\n<p>\u2026 taviz verme ve alma davran\u0131\u015f\u0131, ki\u015fisel ili\u015fkiler<\/p>\n\n\n\n<p>\u2026 potansiyel m\u00fc\u015fteri ile ileti\u015fimde k\u00fclt\u00fcrel farkl\u0131l\u0131klar<\/p>\n\n\n\n<p>\u2026 bilinmesi gerekli m\u00fczakere tarzlar\u0131 ve y\u00f6netimi<\/p>\n\n\n\n<p><strong>YUKARIDAK\u0130 ALT BA\u015eLIKLAR \u015eU \u00dcLKELER\u0130N HER B\u0130R\u0130 \u0130\u00c7\u0130N 30-45 DAK\u0130KALIK SEANSLARDA ELE ALINACAKTIR:<\/strong><\/p>\n\n\n\n<p><em>Birle\u015fik Krall\u0131k,&nbsp;Almanya, ABD, \u0130talya, \u0130spanya,&nbsp;Fransa, Rusya Federasyonu, Hollanda,&nbsp;\u0130srail, Romanya,&nbsp;Polonya, BAE, Bel\u00e7ika,&nbsp;Bulgaristan, M\u0131s\u0131r,&nbsp;Yunanistan, \u00c7in, Fas, Ukrayna, Libya,&nbsp;L\u00fcbnan, Azerbaycan, \u0130ran, Irak, Suriye<\/em>.<\/p>\n","protected":false},"excerpt":{"rendered":"<p>K\u0131sa bir SWOT analizinden sonra\u00a0o \u00fclkenin; \u2026 d\u00fcnyadan ve T\u00fcrkiye\u2019den ithalat kalemleri (en g\u00fcncel veriler ile) \u2026 T\u00fcrkiye\u2019den \u201cpotansiyel\u201d ithalat&nbsp;kalemleri ve miktarlar\u0131&nbsp;(D\u00fcnya&#8217;dan ald\u0131\u011f\u0131 ve bizde \u00fcretimi oldu\u011fu halde&nbsp;almad\u0131\u011f\u0131 \u00fcr\u00fcn gruplar\u0131) \u2026 potansiyelini&#8230;<\/p>\n","protected":false},"author":1,"featured_media":0,"parent":0,"menu_order":0,"comment_status":"closed","ping_status":"closed","template":"","meta":[],"_links":{"self":[{"href":"https:\/\/www.kazandiranmuzakere.com\/index.php\/wp-json\/wp\/v2\/pages\/1660"}],"collection":[{"href":"https:\/\/www.kazandiranmuzakere.com\/index.php\/wp-json\/wp\/v2\/pages"}],"about":[{"href":"https:\/\/www.kazandiranmuzakere.com\/index.php\/wp-json\/wp\/v2\/types\/page"}],"author":[{"embeddable":true,"href":"https:\/\/www.kazandiranmuzakere.com\/index.php\/wp-json\/wp\/v2\/users\/1"}],"replies":[{"embeddable":true,"href":"https:\/\/www.kazandiranmuzakere.com\/index.php\/wp-json\/wp\/v2\/comments?post=1660"}],"version-history":[{"count":5,"href":"https:\/\/www.kazandiranmuzakere.com\/index.php\/wp-json\/wp\/v2\/pages\/1660\/revisions"}],"predecessor-version":[{"id":1667,"href":"https:\/\/www.kazandiranmuzakere.com\/index.php\/wp-json\/wp\/v2\/pages\/1660\/revisions\/1667"}],"wp:attachment":[{"href":"https:\/\/www.kazandiranmuzakere.com\/index.php\/wp-json\/wp\/v2\/media?parent=1660"}],"curies":[{"name":"wp","href":"https:\/\/api.w.org\/{rel}","templated":true}]}}