{"id":1825,"date":"2023-11-23T10:54:11","date_gmt":"2023-11-23T10:54:11","guid":{"rendered":"http:\/\/www.kazandiranmuzakere.com\/?page_id=1825"},"modified":"2023-11-23T10:54:11","modified_gmt":"2023-11-23T10:54:11","slug":"yoksa-siz-bize-guvenmiyor-musunuz","status":"publish","type":"page","link":"https:\/\/www.kazandiranmuzakere.com\/index.php\/yoksa-siz-bize-guvenmiyor-musunuz\/","title":{"rendered":"\u201cYoksa siz bize g\u00fcvenmiyor musunuz?\u201d"},"content":{"rendered":"\n<p>E\u011fer haz\u0131rl\u0131kl\u0131 de\u011filsek veya sorgulamay\u0131 ak\u0131l etmezsek bu soruyu duydu\u011fumuzda farkl\u0131 \u015fekillerde etkilenebiliriz. \u0130lk refleks olarak kendimizi su\u00e7luluk, teslimiyet, k\u0131zg\u0131nl\u0131k ve \u00e7aresizlik gibi duygular\u0131n i\u00e7inde bulup hemen hesap verme zorunda hissedebiliriz.<br>Sonras\u0131nda da;<br>\u201c\u00c7ok \u00fczerine gittim, biraz da ay\u0131p ettim galiba\u201d veya;<br>\u201cGerginlik \u00e7\u0131kmas\u0131n. En iyisi peki demek\u201d veya;<br>\u201d\u015euna bak, m\u00fczakereyi kilitledi. \u015eimdi ne yapaca\u011f\u0131m?\u201d<br>diye d\u00fc\u015f\u00fcnmeye ve;<br>\u201cYok, onu kastetmedik. Size tabii g\u00fcveniyoruz\u201d<br>gibi cevaplar vermeye ba\u015flayabiliriz. Zaten o hamleyi yapan taraf\u0131n istedi\u011finin de yakla\u015f\u0131k b\u00f6yle bir \u015fey. Bunu bilmemiz gerekiyor. <\/p>\n\n\n\n<p>\u00dclkemizde ve \u00f6zellikle Ortado\u011fu \u00fclkelerinde m\u00fczakerelere kat\u0131lacak olanlar\u0131n bu soruya (baz\u0131 m\u00fczakerecilerin ustal\u0131kla tak\u0131nd\u0131\u011f\u0131 bu tavra) haz\u0131rl\u0131kl\u0131 olmalar\u0131 \u00e7ok \u00f6nem ta\u015f\u0131yor. Buna benzer s\u00f6zleri duydu\u011fum zaman sadece g\u00fcl\u00fcms\u00fcyorum. Bu asl\u0131nda \u201cpasif-agresif\u201d denilen sald\u0131rgan bir davran\u0131\u015f \u015fekli.<br>\u00d6zellikle \u00f6zg\u00fcveni d\u00fc\u015f\u00fck ki\u015filer, pasif-agresiflerin bahanelerinden ve onlar\u0131 ma\u011fdur konumda g\u00f6steren \u00e7\u0131k\u0131\u015flar\u0131ndan etkilenerek kendilerini su\u00e7lamaya e\u011filimli olabilirler. <\/p>\n\n\n\n<p>Pasif agresif davran\u0131\u015flarda bulunan insanlar\u0131n;<br>\u2022 \u00f6zg\u00fcven sorunu ya\u015fad\u0131klar\u0131,<br>\u2022 takdir edilmiyor hissi ile hareket ettikleri,<br>\u2022 sorumluluklar\u0131n\u0131 yerine getiremeyip bahaneler \u00fcrettikleri,<br>\u2022 basit konulara al\u0131nganl\u0131k g\u00f6sterdikleri,<br>\u2022 ba\u015fkalar\u0131n\u0131 su\u00e7lamaya yatk\u0131n olduklar\u0131,<br>\u2022 empati kurmakta ve ba\u015fkalar\u0131n\u0131n ihtiya\u00e7lar\u0131n\u0131 anlamakta zorland\u0131klar\u0131 <\/p>\n\n\n\n<p>biliniyor. Bizim de \u00f6ncelikle bu durumun fark\u0131na varmam\u0131z gerekiyor. Tela\u015flanmaya hi\u00e7 gerek yok. <\/p>\n\n\n\n<p><\/p>\n","protected":false},"excerpt":{"rendered":"<p>E\u011fer haz\u0131rl\u0131kl\u0131 de\u011filsek veya sorgulamay\u0131 ak\u0131l etmezsek bu soruyu duydu\u011fumuzda farkl\u0131 \u015fekillerde etkilenebiliriz. \u0130lk refleks olarak kendimizi su\u00e7luluk, teslimiyet, k\u0131zg\u0131nl\u0131k ve \u00e7aresizlik gibi duygular\u0131n i\u00e7inde bulup hemen hesap verme zorunda hissedebiliriz.Sonras\u0131nda da;\u201c\u00c7ok&#8230;<\/p>\n","protected":false},"author":1,"featured_media":0,"parent":0,"menu_order":0,"comment_status":"closed","ping_status":"closed","template":"","meta":[],"_links":{"self":[{"href":"https:\/\/www.kazandiranmuzakere.com\/index.php\/wp-json\/wp\/v2\/pages\/1825"}],"collection":[{"href":"https:\/\/www.kazandiranmuzakere.com\/index.php\/wp-json\/wp\/v2\/pages"}],"about":[{"href":"https:\/\/www.kazandiranmuzakere.com\/index.php\/wp-json\/wp\/v2\/types\/page"}],"author":[{"embeddable":true,"href":"https:\/\/www.kazandiranmuzakere.com\/index.php\/wp-json\/wp\/v2\/users\/1"}],"replies":[{"embeddable":true,"href":"https:\/\/www.kazandiranmuzakere.com\/index.php\/wp-json\/wp\/v2\/comments?post=1825"}],"version-history":[{"count":1,"href":"https:\/\/www.kazandiranmuzakere.com\/index.php\/wp-json\/wp\/v2\/pages\/1825\/revisions"}],"predecessor-version":[{"id":1826,"href":"https:\/\/www.kazandiranmuzakere.com\/index.php\/wp-json\/wp\/v2\/pages\/1825\/revisions\/1826"}],"wp:attachment":[{"href":"https:\/\/www.kazandiranmuzakere.com\/index.php\/wp-json\/wp\/v2\/media?parent=1825"}],"curies":[{"name":"wp","href":"https:\/\/api.w.org\/{rel}","templated":true}]}}