{"id":278,"date":"2020-04-29T06:35:39","date_gmt":"2020-04-29T06:35:39","guid":{"rendered":"https:\/\/kazandiranmuzakere.wordpress.com\/?page_id=278"},"modified":"2020-04-29T06:35:39","modified_gmt":"2020-04-29T06:35:39","slug":"hakkinda","status":"publish","type":"page","link":"https:\/\/www.kazandiranmuzakere.com\/index.php\/videolar\/hakkinda\/","title":{"rendered":"Hakk\u0131nda"},"content":{"rendered":"\n<p class=\"has-text-align-left\">Ziyaret\u00e7iler sayfan\u0131n di\u011fer taraf\u0131nda kimin oldu\u011funu bilmek isteyecektir. Bu alan\u0131 kendiniz, siteniz, i\u015finiz veya istedi\u011finiz herhangi bir konu hakk\u0131nda bir \u015feyler yazmak i\u00e7in kullan\u0131n. Ayn\u0131 konu hakk\u0131nda kendi ifadeleriyle konu\u015fan di\u011fer insanlar\u0131 al\u0131nt\u0131lamak i\u00e7in a\u015fa\u011f\u0131daki g\u00f6r\u00fc\u015fleri kullan\u0131n.<\/p>\n\n\n\n<p class=\"has-text-align-left\">Bu, \u00f6zelliklerini g\u00f6stermek i\u00e7in \u015fablon i\u00e7eren bir \u00f6rnek i\u00e7eriktir. Bu i\u00e7eri\u011fi kald\u0131rabilir veya kendi kelimeleriniz ve ortam i\u00e7eri\u011finiz ile de\u011fi\u015ftirebilirsiniz.<\/p>\n\n\n\n<div style=\"height:32px;\" aria-hidden=\"true\" class=\"wp-block-spacer desktop-only\"><\/div>\n\n\n\n<h3 class=\"has-text-align-center\">\u0130nsanlardan Al\u0131nt\u0131lar<\/h3>\n\n\n\n<div class=\"wp-container-4 wp-block-columns alignwide has-3-columns\">\n<div class=\"wp-container-1 wp-block-column\">\n<blockquote class=\"wp-block-quote\"><p>Ba\u015flaman\u0131n yolu, konu\u015fmay\u0131 bir kenara b\u0131rakmak ve yapmaya ba\u015flamakt\u0131r.<\/p><cite>Walt Disney<\/cite><\/blockquote>\n<\/div>\n\n\n\n<div class=\"wp-container-2 wp-block-column\">\n<blockquote class=\"wp-block-quote\"><p>Harry, ger\u00e7ekten kim oldu\u011fumuzu g\u00f6steren becerilerimizden daha \u00e7ok kendi se\u00e7imlerimizdir.<\/p><cite>J. K. Rowling<\/cite><\/blockquote>\n<\/div>\n\n\n\n<div class=\"wp-container-3 wp-block-column\">\n<blockquote class=\"wp-block-quote\"><p>Bitti diye a\u011flama, ger\u00e7ekle\u015fti\u011fi i\u00e7in g\u00fcl\u00fcmse.<\/p><cite>Dr. Seuss<\/cite><\/blockquote>\n<\/div>\n<\/div>\n\n\n\n<div style=\"height:32px;\" aria-hidden=\"true\" class=\"wp-block-spacer desktop-only\"><\/div>\n\n\n\n<hr class=\"wp-block-separator is-style-wide\" \/>\n\n\n\n<div style=\"height:32px;\" aria-hidden=\"true\" class=\"wp-block-spacer desktop-only\"><\/div>\n\n\n\n<h2 class=\"has-text-align-center\">Hadi birlikte bir \u015feyler in\u015fa edelim.<\/h2>\n\n\n\n<div class=\"wp-block-button aligncenter\"><a class=\"wp-block-button__link\" href=\"#\">\u0130leti\u015fime ge\u00e7in!<\/a><\/div>\n\n\n\n<div style=\"height:32px;\" aria-hidden=\"true\" class=\"wp-block-spacer desktop-only\"><\/div>\n\n\n\n<hr class=\"wp-block-separator is-style-wide\" \/>\n\n\n\n<div style=\"height:32px;\" aria-hidden=\"true\" class=\"wp-block-spacer\"><\/div>\n","protected":false},"excerpt":{"rendered":"<p>Ziyaret\u00e7iler sayfan\u0131n di\u011fer taraf\u0131nda kimin oldu\u011funu bilmek isteyecektir. Bu alan\u0131 kendiniz, siteniz, i\u015finiz veya istedi\u011finiz herhangi bir konu hakk\u0131nda bir \u015feyler yazmak i\u00e7in kullan\u0131n. Ayn\u0131 konu hakk\u0131nda kendi ifadeleriyle konu\u015fan di\u011fer insanlar\u0131&#8230;<\/p>\n","protected":false},"author":1,"featured_media":0,"parent":240,"menu_order":0,"comment_status":"closed","ping_status":"closed","template":"","meta":[],"_links":{"self":[{"href":"https:\/\/www.kazandiranmuzakere.com\/index.php\/wp-json\/wp\/v2\/pages\/278"}],"collection":[{"href":"https:\/\/www.kazandiranmuzakere.com\/index.php\/wp-json\/wp\/v2\/pages"}],"about":[{"href":"https:\/\/www.kazandiranmuzakere.com\/index.php\/wp-json\/wp\/v2\/types\/page"}],"author":[{"embeddable":true,"href":"https:\/\/www.kazandiranmuzakere.com\/index.php\/wp-json\/wp\/v2\/users\/1"}],"replies":[{"embeddable":true,"href":"https:\/\/www.kazandiranmuzakere.com\/index.php\/wp-json\/wp\/v2\/comments?post=278"}],"version-history":[{"count":0,"href":"https:\/\/www.kazandiranmuzakere.com\/index.php\/wp-json\/wp\/v2\/pages\/278\/revisions"}],"up":[{"embeddable":true,"href":"https:\/\/www.kazandiranmuzakere.com\/index.php\/wp-json\/wp\/v2\/pages\/240"}],"wp:attachment":[{"href":"https:\/\/www.kazandiranmuzakere.com\/index.php\/wp-json\/wp\/v2\/media?parent=278"}],"curies":[{"name":"wp","href":"https:\/\/api.w.org\/{rel}","templated":true}]}}