{"id":289,"date":"2020-04-29T07:09:07","date_gmt":"2020-04-29T07:09:07","guid":{"rendered":"https:\/\/kazandiranmuzakere.wordpress.com\/?page_id=289"},"modified":"2024-12-11T16:54:01","modified_gmt":"2024-12-11T16:54:01","slug":"egitim-danismanlik-alan-kurumlar","status":"publish","type":"page","link":"https:\/\/www.kazandiranmuzakere.com\/index.php\/egitim-danismanlik-alan-kurumlar\/","title":{"rendered":"Referanslar\u0131m"},"content":{"rendered":"\n<p class=\"has-text-align-center\"><strong><mark style=\"background-color:rgba(0, 0, 0, 0);\" class=\"has-inline-color has-black-color\">E\u011fitimlerime kat\u0131lm\u0131\u015f ve\/veya benden dan\u0131\u015fmanl\u0131k hizmeti alm\u0131\u015f olan kurulu\u015flardan baz\u0131lar\u0131 :<\/mark><\/strong><\/p>\n\n\n\n<figure class=\"wp-block-image size-large\"><img loading=\"lazy\" width=\"1024\" height=\"578\" src=\"https:\/\/www.kazandiranmuzakere.com\/wp-content\/uploads\/2024\/10\/lgo-1024x578.jpg\" alt=\"\" class=\"wp-image-1862\" srcset=\"https:\/\/www.kazandiranmuzakere.com\/wp-content\/uploads\/2024\/10\/lgo-1024x578.jpg 1024w, https:\/\/www.kazandiranmuzakere.com\/wp-content\/uploads\/2024\/10\/lgo-300x169.jpg 300w, https:\/\/www.kazandiranmuzakere.com\/wp-content\/uploads\/2024\/10\/lgo-768x433.jpg 768w, https:\/\/www.kazandiranmuzakere.com\/wp-content\/uploads\/2024\/10\/lgo-850x480.jpg 850w, https:\/\/www.kazandiranmuzakere.com\/wp-content\/uploads\/2024\/10\/lgo.jpg 1063w\" sizes=\"(max-width: 1024px) 100vw, 1024px\" \/><\/figure>\n\n\n\n<p class=\"has-text-align-left\"><mark style=\"background-color:rgba(0, 0, 0, 0);\" class=\"has-inline-color has-black-color\"><strong>\u0130STANBUL : <\/strong> <\/mark><\/p>\n\n\n\n<p class=\"has-text-align-left\"><mark style=\"background-color:rgba(0, 0, 0, 0);\" class=\"has-inline-color has-black-color\">Yap\u0131 Kredi Bankas\u0131, Garanti BBVA, T\u00fcrkiye \u0130\u015f Bankas\u0131, Tekfen Holding, TAV Airports, BSH(Bosch and Siemens) Group, QNB Finansbank, Turkcell, Ekol Lojistik, Zorlu Enerji, \u0130TK\u0130B, \u0130MM\u0130B, T\u00fcrkiye Bankalar Birli\u011fi, Mavi Jeans, TTNet, T\u00fcrk Telekom, Sabanc\u0131 Holding, Alarko Carrier, \u0130SO, \u0130TO, \u0130\u015fkur, B\u0130M, BTA, T\u00fcrkiye Finans, BIOTA Lab, Johnson and Johnson, ESM, Hugo Boss, Mak-Yol, \u0130pek Ka\u011f\u0131t, GSK, AKPlas, Grammer Koltuk, STM, Punteks, Permak Makine, Estas, Suvari, Ozak Tekstil, Ayd\u0131nl\u0131 Group, \u00d6zcanl\u0131, \u0130lsan Tekstil, \u00d6ztiryakiler, Y\u0131ld\u0131z Holding, Boyta\u015f Mobilya, Ac\u0131badem Hastaneleri, LC Waikiki, D\u00fczey Pazarlama, Aksa Akrilik, Avon Kozmetik, Septa\u015f, Alcatel, Solar \u00c7at\u0131, MediaMarkt<\/mark><\/p>\n\n\n\n<p class=\"has-text-align-left\"><mark style=\"background-color:rgba(0, 0, 0, 0);\" class=\"has-inline-color has-black-color\"><br><strong>ANKARA : <\/strong><\/mark><\/p>\n\n\n\n<p class=\"has-text-align-left\"><mark style=\"background-color:rgba(0, 0, 0, 0);\" class=\"has-inline-color has-black-color\">ASELSAN, TAI, OA\u0130B, BOTA\u015e, Sayer \u015eirketler Grubu, FNSS, Ciner Group, Meti\u015fEpik\/ fem-jv,<br><\/mark><\/p>\n\n\n\n<p class=\"has-text-align-left\"><mark style=\"background-color:rgba(0, 0, 0, 0);\" class=\"has-inline-color has-black-color\"><strong>\u0130ZM\u0130R :<\/strong> <\/mark><\/p>\n\n\n\n<p class=\"has-text-align-left\"><mark style=\"background-color:rgba(0, 0, 0, 0);\" class=\"has-inline-color has-black-color\">E\u0130B, Vestel, Bekemler, CMS Jant ve Makine, Carpex<\/mark><\/p>\n\n\n\n<p class=\"has-text-align-left\"><mark style=\"background-color:rgba(0, 0, 0, 0);\" class=\"has-inline-color has-black-color\"><br><strong>D\u0130\u011eER : <\/strong><\/mark><\/p>\n\n\n\n<p class=\"has-text-align-left\"><mark style=\"background-color:rgba(0, 0, 0, 0);\" class=\"has-inline-color has-black-color\">GA\u0130B, DEN\u0130B, DSO, BA\u0130B, U\u0130B, Toyota Boshoku (Sakarya), K\u00fc\u00e7\u00fck\u00e7al\u0131k Tekstil (Bursa), Yaykursan (Bursa), \u0130sken, Vest Consulting, G\u00f6renler (Denizli), B\u0130FA (Karaman), Roca(Eski\u015fehir), K\u00fctahya OSB, Cavo Otomotiv, Coats (Bursa), Kapital Bank (Azerbaycan) <\/mark><\/p>\n\n\n\n<p><\/p>\n\n\n\n<p><\/p>\n","protected":false},"excerpt":{"rendered":"<p>E\u011fitimlerime kat\u0131lm\u0131\u015f ve\/veya benden dan\u0131\u015fmanl\u0131k hizmeti alm\u0131\u015f olan kurulu\u015flardan baz\u0131lar\u0131 : \u0130STANBUL : Yap\u0131 Kredi Bankas\u0131, Garanti BBVA, T\u00fcrkiye \u0130\u015f Bankas\u0131, Tekfen Holding, TAV Airports, BSH(Bosch and Siemens) Group, QNB Finansbank, Turkcell,&#8230;<\/p>\n","protected":false},"author":1,"featured_media":0,"parent":0,"menu_order":0,"comment_status":"closed","ping_status":"closed","template":"","meta":[],"_links":{"self":[{"href":"https:\/\/www.kazandiranmuzakere.com\/index.php\/wp-json\/wp\/v2\/pages\/289"}],"collection":[{"href":"https:\/\/www.kazandiranmuzakere.com\/index.php\/wp-json\/wp\/v2\/pages"}],"about":[{"href":"https:\/\/www.kazandiranmuzakere.com\/index.php\/wp-json\/wp\/v2\/types\/page"}],"author":[{"embeddable":true,"href":"https:\/\/www.kazandiranmuzakere.com\/index.php\/wp-json\/wp\/v2\/users\/1"}],"replies":[{"embeddable":true,"href":"https:\/\/www.kazandiranmuzakere.com\/index.php\/wp-json\/wp\/v2\/comments?post=289"}],"version-history":[{"count":20,"href":"https:\/\/www.kazandiranmuzakere.com\/index.php\/wp-json\/wp\/v2\/pages\/289\/revisions"}],"predecessor-version":[{"id":1891,"href":"https:\/\/www.kazandiranmuzakere.com\/index.php\/wp-json\/wp\/v2\/pages\/289\/revisions\/1891"}],"wp:attachment":[{"href":"https:\/\/www.kazandiranmuzakere.com\/index.php\/wp-json\/wp\/v2\/media?parent=289"}],"curies":[{"name":"wp","href":"https:\/\/api.w.org\/{rel}","templated":true}]}}