{"id":869,"date":"2021-11-08T06:41:59","date_gmt":"2021-11-08T06:41:59","guid":{"rendered":"https:\/\/kazandiranmuzakere.wordpress.com\/?page_id=869"},"modified":"2022-11-13T16:53:09","modified_gmt":"2022-11-13T16:53:09","slug":"online-moduller","status":"publish","type":"page","link":"https:\/\/www.kazandiranmuzakere.com\/index.php\/online-moduller\/","title":{"rendered":"Kazand\u0131ran M\u00fczakere (Online Mod\u00fcller)"},"content":{"rendered":"\n<p><strong>Mod\u00fcl 1.<\/strong><br><strong>\u0130\u015f M\u00fczakerelerinde Do\u011fru San\u0131lan Yanl\u0131\u015flar <\/strong>(Online E\u011fitim 120 dakika)<br>M\u00fczakere ne de\u011fildir? Ne zaman m\u00fczakere etmemeliyiz? M\u00fczakerede sistemsizlik ve yapt\u0131r\u0131ms\u0131zl\u0131k, M\u00fczakerelerde yayg\u0131n ama yanl\u0131\u015f bak\u0131\u015f a\u00e7\u0131lar\u0131, M\u00fczakere e\u011fitimlerinde verilen yanl\u0131\u015f \u00f6rnekler, M\u00fczakerelerde do\u011fru bilinen yanl\u0131\u015f taktikler, Ba\u015fl\u0131ca m\u00fczakere hatalar\u0131, <br><strong>Mod\u00fcl 2.<br>\u0130\u015f M\u00fczakerelerinde Planlama ve Haz\u0131rl\u0131k <\/strong>(Online E\u011fitim 120 dakika)<br>M\u00fczakere a\u015famalar\u0131, Stratejilerin Form\u00fcle Edilmesi, M\u00fczakere \u2013 Pazarl\u0131k ayr\u0131m\u0131, Protokol, Hedeflerin belirlenmesi, Anla\u015fma alanlar\u0131n\u0131n tespiti, Birlikte Karar vermeyi kolayla\u015ft\u0131r\u0131c\u0131 ad\u0131mlar. Do\u011fru bilinen yanl\u0131\u015flar.<br><strong>Mod\u00fcl 3.<br>\u0130\u015f M\u00fczakerelerinde \u0130leti\u015fim Esaslar\u0131&nbsp;<\/strong>(Online E\u011fitim 180 dakika)<br>Etkin Konu\u015fma ve Dinlemenin unsurlar\u0131, Alg\u0131 y\u00f6netimi, Beden dili ve Hitap Tarzlar\u0131na ait \u015eifrelerin \u00c7\u00f6z\u00fclmesi, \u0130leti\u015fim Engellerini a\u015fmak, Yanl\u0131\u015f anla\u015f\u0131lmay\u0131 \u00f6nlemek, \u0130nce ayarl\u0131 sorular sormak M\u00fczakerelerde Zor durumlar\u0131 a\u015fmak; \u0130tirazlar\u0131 Kar\u015f\u0131lama \u2013 Muhalefet \u00c7e\u015fitleri, M\u00fczakerelerde Tarzlar ve Kar\u015f\u0131 Tedbirler, Farkl\u0131 m\u00fczakereci tipleri ve Ba\u015fa \u00c7\u0131kma Yollar\u0131, Empoze, Bl\u00f6f, \u00dcltimatom ve Hileler ile Ba\u015fa \u00c7\u0131kma Yollar\u0131, gerekli tedbirler, Koz ve Tehdit ayr\u0131m\u0131, Do\u011fru bilinen yanl\u0131\u015flar.<br><strong>Mod\u00fcl 4.<br>\u0130\u015f M\u00fczakerelerinde \u00c7at\u0131\u015fma Y\u00f6netimi&nbsp;<\/strong>(Online E\u011fitim 120 dakika)<br>Problem \u00e7\u00f6zmenin Unsurlar\u0131, \u00c7\u0131karlara Odaklanmak, Oyun teorisi ve m\u00fczakere, Se\u00e7enek Olu\u015fturmak, Tarafs\u0131z \u00d6l\u00e7\u00fctler Kullanmak, \u00c7er\u00e7eveleme etkisi ve y\u00f6netimi<br><strong>Mod\u00fcl 5.<br>\u0130\u015f M\u00fczakerelerinde G\u00fc\u00e7 Kaynaklar\u0131&nbsp;<\/strong>(Online E\u011fitim 120 dakika)<br>M\u00fczakerelerde \u0130kna G\u00fcc\u00fcn\u00fcn Esaslar\u0131, Taviz verme ve alma y\u00f6netimi, di\u011fer g\u00fc\u00e7 unsurlar\u0131n\u0131 kullanma y\u00f6ntemleri, D\u00f6rt boyutta B-Plan\u0131 haz\u0131rl\u0131\u011f\u0131 ve y\u00f6netiminin esaslar\u0131, \u00c7\u0131pa Etkisi ve y\u00f6netimi<br><strong>Mod\u00fcl 6.<br>\u0130\u015f M\u00fczakerelerinde Performans Esaslar\u0131&nbsp;<\/strong>(Online E\u011fitim 120 dakika)<br>A\u00e7\u0131l\u0131\u015f, S\u00fcre\u00e7 Y\u00f6netimi, S\u00fcreci rahatlatacak ve anla\u015fmaya g\u00f6t\u00fcrecek Sorular\u0131n sorulmas\u0131. Problem \u00c7\u00f6zme, \u00c7at\u0131\u015fmadan Uzla\u015fmaya giden yollar, Sosyal, k\u00fclt\u00fcrel ve davran\u0131\u015f bi\u00e7imlerine ait farklar\u0131n y\u00f6netimi<\/p>\n","protected":false},"excerpt":{"rendered":"<p>Mod\u00fcl 1.\u0130\u015f M\u00fczakerelerinde Do\u011fru San\u0131lan Yanl\u0131\u015flar (Online E\u011fitim 120 dakika)M\u00fczakere ne de\u011fildir? Ne zaman m\u00fczakere etmemeliyiz? M\u00fczakerede sistemsizlik ve yapt\u0131r\u0131ms\u0131zl\u0131k, M\u00fczakerelerde yayg\u0131n ama yanl\u0131\u015f bak\u0131\u015f a\u00e7\u0131lar\u0131, M\u00fczakere e\u011fitimlerinde verilen yanl\u0131\u015f \u00f6rnekler, M\u00fczakerelerde&#8230;<\/p>\n","protected":false},"author":1,"featured_media":0,"parent":0,"menu_order":0,"comment_status":"closed","ping_status":"closed","template":"","meta":[],"_links":{"self":[{"href":"https:\/\/www.kazandiranmuzakere.com\/index.php\/wp-json\/wp\/v2\/pages\/869"}],"collection":[{"href":"https:\/\/www.kazandiranmuzakere.com\/index.php\/wp-json\/wp\/v2\/pages"}],"about":[{"href":"https:\/\/www.kazandiranmuzakere.com\/index.php\/wp-json\/wp\/v2\/types\/page"}],"author":[{"embeddable":true,"href":"https:\/\/www.kazandiranmuzakere.com\/index.php\/wp-json\/wp\/v2\/users\/1"}],"replies":[{"embeddable":true,"href":"https:\/\/www.kazandiranmuzakere.com\/index.php\/wp-json\/wp\/v2\/comments?post=869"}],"version-history":[{"count":1,"href":"https:\/\/www.kazandiranmuzakere.com\/index.php\/wp-json\/wp\/v2\/pages\/869\/revisions"}],"predecessor-version":[{"id":1636,"href":"https:\/\/www.kazandiranmuzakere.com\/index.php\/wp-json\/wp\/v2\/pages\/869\/revisions\/1636"}],"wp:attachment":[{"href":"https:\/\/www.kazandiranmuzakere.com\/index.php\/wp-json\/wp\/v2\/media?parent=869"}],"curies":[{"name":"wp","href":"https:\/\/api.w.org\/{rel}","templated":true}]}}